{"id":1569,"date":"2019-04-01T10:16:03","date_gmt":"2019-04-01T10:16:03","guid":{"rendered":"http:\/\/avantage.bold-themes.com\/business\/?page_id=1569"},"modified":"2024-07-26T22:27:17","modified_gmt":"2024-07-27T01:27:17","slug":"about-us","status":"publish","type":"page","link":"https:\/\/institutoagata.com.br\/sitenovo\/about-us\/","title":{"rendered":"O Instituto"},"content":{"rendered":"<p><section id=\"bt_bb_section69e8b99d24d04\" class=\"bt_bb_section bt_bb_layout_boxed_1200 bt_bb_vertical_align_top bt_bb_top_spacing_large bt_bb_bottom_spacing_large\" style=\"background-position:center;background-size:cover;\" data-bt-override-class=\"null\"><div class=\"bt_bb_background_image_holder_wrapper\"><div class=\"bt_bb_background_image_holder btLazyLoadBackground\"  data-background_image_src=\"https:\/\/institutoagata.com.br\/sitenovo\/wp-content\/uploads\/2019\/04\/bgn-cases-3.png\" data-parallax-zoom-start=\"1\" data-parallax-zoom-end=\"1\" data-parallax-blur-start=\"0\" data-parallax-blur-end=\"0\" data-parallax-opacity-start=\"1\" data-parallax-opacity-end=\"1\" style=\" background-image: url(&#039;https:\/\/institutoagata.com.br\/sitenovo\/wp-content\/plugins\/bold-page-builder\/img\/blank.gif&#039;);\"><\/div><\/div><div class=\"bt_bb_port\"><div class=\"bt_bb_cell\"><div class=\"bt_bb_cell_inner\"><div class=\"bt_bb_row \"  data-bt-override-class=\"{}\"><div class=\"bt_bb_row_holder\" ><div  class=\"bt_bb_column col-xxl-6 col-xl-6 bt_bb_vertical_align_top bt_bb_align_left bt_bb_padding_normal bt_bb_animation_fade_in move_up animate\"  data-width=\"6\" data-bt-override-class=\"{}\"><div class=\"bt_bb_column_content\"><header data-bb-version=\"4.8.2\" class=\"bt_bb_headline bt_bb_subheadline_text_transform_default bt_bb_dash_top bt_bb_superheadline bt_bb_superheadline_outside bt_bb_size_large bt_bb_align_inherit\" data-bt-override-class=\"{&quot;bt_bb_size_&quot;:{&quot;current_class&quot;:&quot;bt_bb_size_large&quot;,&quot;def&quot;:&quot;large&quot;},&quot;bt_bb_align_&quot;:{&quot;current_class&quot;:&quot;bt_bb_align_inherit&quot;,&quot;def&quot;:&quot;inherit&quot;}}\"><div class=\"bt_bb_headline_superheadline_outside\"><span class=\"bt_bb_headline_superheadline\">NOSSA HIST\u00d3RIA<\/span><\/div><h2 class=\"bt_bb_headline_tag\"><span class=\"bt_bb_headline_content\"><span><u>Atuando h\u00e1 24 anos<\/u><br \/><br \/>\n<b>nos Estados do Par\u00e1 e Amap\u00e1<\/b> <\/span><\/span><\/h2><\/header><div class=\"bt_bb_separator bt_bb_border_style_none bt_bb_bottom_spacing_medium\" data-bt-override-class=\"null\"><\/div><\/div><\/div><div  class=\"bt_bb_column col-xxl-6 col-xl-6 bt_bb_vertical_align_top bt_bb_align_left bt_bb_padding_normal\"  data-width=\"6\" data-bt-override-class=\"{}\"><div class=\"bt_bb_column_content\"><\/div><\/div><\/div><\/div><div class=\"bt_bb_row \"  data-bt-override-class=\"{}\"><div class=\"bt_bb_row_holder\" ><div  class=\"bt_bb_column col-xxl-4 col-xl-4 bt_bb_vertical_align_top bt_bb_align_left bt_bb_padding_normal bt_bb_animation_fade_in animate\"  data-width=\"4\" data-bt-override-class=\"{}\"><div class=\"bt_bb_column_content\"><div  class=\"bt_bb_text\" ><\/p>\n<p style=\"text-align: justify;\">O Instituto de Desenvolvimento Social \u00c1gata, alinhado aos 17 Objetivos do Desenvolvimento Sustent\u00e1vel estabelecidos pelas Na\u00e7\u00f5es Unidas, \u00e9 um instrumento extraordin\u00e1ria para mudar a atual trajet\u00f3ria de degrada\u00e7\u00e3o social, econ\u00f4mica e ambiental na Amaz\u00f4nia. Para atingir esse objetivo, acreditamos no di\u00e1logo e na articula\u00e7\u00e3o com diferentes setores da sociedade: comunidades tradicionais, organiza\u00e7\u00f5es locais, empresas e governo. Mas, acima de tudo, buscamos fortalecer a atua\u00e7\u00e3o do setor p\u00fablico e iniciativas privadas que est\u00e3o na linha de frente do desenvolvimento sustent\u00e1vel.<\/p>\n<p>\n<\/div><div class=\"bt_bb_separator bt_bb_border_style_none bt_bb_bottom_spacing_small bt_bb_hidden_md bt_bb_hidden_lg\" data-bt-override-class=\"null\"><\/div><\/div><\/div><div  class=\"bt_bb_column col-xxl-4 col-xl-4 bt_bb_vertical_align_top bt_bb_align_left bt_bb_padding_normal bt_bb_animation_fade_in animate\"  data-width=\"4\" data-bt-override-class=\"{}\"><div class=\"bt_bb_column_content\"><div  class=\"bt_bb_text\" ><\/p>\n<p style=\"text-align: justify;\">Atuando h\u00e1 24 anos na Amaz\u00f4nia, somos uma organiza\u00e7\u00e3o n\u00e3o-governamental brasileira e sem fins lucrativos que trabalha para o desenvolvimento regional e para promover um futuro mais justo em cidades sustent\u00e1veis, saud\u00e1vel para todos, no qual sociedade e natureza vivam em harmonia e prosperidade.<\/p>\n<p style=\"text-align: justify;\">Prestamos servi\u00e7os, com Qualidade e Compet\u00eancia comprovada, na Elabora\u00e7\u00e3o, Implanta\u00e7\u00e3o, Execu\u00e7\u00e3o, Monitoramento e Avalia\u00e7\u00e3o de Projetos, Concurso P\u00fablico e Privado, Processo Seletivo P\u00fablico e Privado, Programas e A\u00e7\u00f5es nas \u00e1reas da Educa\u00e7\u00e3o,<\/p>\n<p>\n<\/div><div class=\"bt_bb_separator bt_bb_border_style_none bt_bb_bottom_spacing_small bt_bb_hidden_md bt_bb_hidden_lg\" data-bt-override-class=\"null\"><\/div><\/div><\/div><div  class=\"bt_bb_column col-xxl-4 col-xl-4 bt_bb_vertical_align_top bt_bb_align_left bt_bb_padding_normal bt_bb_animation_fade_in animate\"  data-width=\"4\" data-bt-override-class=\"{}\"><div class=\"bt_bb_column_content\"><div  class=\"bt_bb_text\" ><\/p>\n<p style=\"text-align: justify;\">Sa\u00fade, Agricultura, Meio Ambiente, Esporte e Lazer, Turismo, Economia e Assist\u00eancia Social, Celebra\u00e7\u00e3o de Conv\u00eanios, Termos de Parceria, Termos de Fomento e Termo de Coopera\u00e7\u00e3o no \u00e2mbito Federal, Estadual e Municipal, com Institui\u00e7\u00f5es P\u00fablicas e Privadas Nacionais e Internacionais. Visando sempre a promo\u00e7\u00e3o do cidad\u00e3o e no desenvolvimento humano.<\/p>\n<p>\n<\/div><div class=\"bt_bb_separator bt_bb_border_style_none bt_bb_bottom_spacing_normal\" data-bt-override-class=\"null\"><\/div><\/div><\/div><\/div><\/div><\/div><!-- cell_inner --><\/div><!-- cell --><\/div><!-- port --><\/section><section id=\"bt_bb_section69e8b99d25e04\" class=\"bt_bb_section bt_bb_layout_boxed_1200 bt_bb_vertical_align_top bt_bb_background_overlay_light_solid bt_bb_top_spacing_large bt_bb_bottom_spacing_medium\"  data-bt-override-class=\"null\"><div class=\"bt_bb_background_image_holder_wrapper\"><div class=\"bt_bb_background_image_holder btLazyLoadBackground\"  data-background_image_src=\"https:\/\/institutoagata.com.br\/sitenovo\/wp-content\/uploads\/2017\/04\/blog-post-14.jpg\" data-parallax-zoom-start=\"1\" data-parallax-zoom-end=\"1\" data-parallax-blur-start=\"0\" data-parallax-blur-end=\"0\" data-parallax-opacity-start=\"1\" data-parallax-opacity-end=\"1\" style=\" background-image: url(&#039;https:\/\/institutoagata.com.br\/sitenovo\/wp-content\/plugins\/bold-page-builder\/img\/blank.gif&#039;);\"><\/div><\/div><div class=\"bt_bb_port\"><div class=\"bt_bb_cell\"><div class=\"bt_bb_cell_inner\"><div class=\"bt_bb_row \"  data-bt-override-class=\"{}\"><div class=\"bt_bb_row_holder\" ><div  class=\"bt_bb_column col-xxl-2 col-xl-2 bt_bb_vertical_align_top bt_bb_align_left bt_bb_padding_normal\"  data-width=\"2\" data-bt-override-class=\"{}\"><div class=\"bt_bb_column_content\"><\/div><\/div><div  class=\"bt_bb_column col-xxl-8 col-xl-8 bt_bb_vertical_align_top bt_bb_align_center bt_bb_padding_normal bt_bb_animation_fade_in move_up animate\"  data-width=\"8\" data-bt-override-class=\"{}\"><div class=\"bt_bb_column_content\"><header data-bb-version=\"4.8.2\" class=\"bt_bb_headline bt_bb_subheadline_text_transform_default bt_bb_dash_top bt_bb_size_large bt_bb_align_inherit\" data-bt-override-class=\"{&quot;bt_bb_size_&quot;:{&quot;current_class&quot;:&quot;bt_bb_size_large&quot;,&quot;def&quot;:&quot;large&quot;},&quot;bt_bb_align_&quot;:{&quot;current_class&quot;:&quot;bt_bb_align_inherit&quot;,&quot;def&quot;:&quot;inherit&quot;}}\"><h2 class=\"bt_bb_headline_tag\"><span class=\"bt_bb_headline_content\"><span><u>Seja um de nossos <\/u> <b>parceiros!<\/b><\/span><\/span><\/h2><\/header><div class=\"bt_bb_separator bt_bb_border_style_none bt_bb_bottom_spacing_medium\" data-bt-override-class=\"null\"><\/div><div class=\"bt_bb_contact_form_7\">\n<div class=\"wpcf7 no-js\" id=\"wpcf7-f2030-o1\" lang=\"en-US\" dir=\"ltr\" data-wpcf7-id=\"2030\">\n<div class=\"screen-reader-response\"><p role=\"status\" aria-live=\"polite\" aria-atomic=\"true\"><\/p> <ul><\/ul><\/div>\n<form action=\"\/sitenovo\/wp-json\/wp\/v2\/pages\/1569#wpcf7-f2030-o1\" method=\"post\" class=\"wpcf7-form init\" aria-label=\"Contact form\" novalidate=\"novalidate\" data-status=\"init\">\n<fieldset class=\"hidden-fields-container\"><input type=\"hidden\" name=\"_wpcf7\" value=\"2030\" \/><input type=\"hidden\" name=\"_wpcf7_version\" value=\"6.1.5\" \/><input type=\"hidden\" name=\"_wpcf7_locale\" value=\"en_US\" \/><input type=\"hidden\" name=\"_wpcf7_unit_tag\" value=\"wpcf7-f2030-o1\" \/><input type=\"hidden\" name=\"_wpcf7_container_post\" value=\"0\" \/><input type=\"hidden\" name=\"_wpcf7_posted_data_hash\" value=\"\" \/>\n<\/fieldset>\n<div class=\"bt_bb_cf7_form bt_bb_cf7_inline_newsletter_form\">\n\t<div class=\"bt_bb_cf7_row\">\n\t\t<div class=\"bt_bb_cf7_element\">\n\t\t\t<p><span class=\"wpcf7-form-control-wrap\" data-name=\"your-email\"><input size=\"40\" maxlength=\"400\" class=\"wpcf7-form-control wpcf7-email wpcf7-validates-as-required wpcf7-text wpcf7-validates-as-email\" aria-required=\"true\" aria-invalid=\"false\" placeholder=\"Insira o seu endere\u00e7o de email\" value=\"\" type=\"email\" name=\"your-email\" \/><\/span>\n\t\t\t<\/p>\n\t\t<\/div>\n\t\t<div class=\"bt_bb_cf7_button\">\n\t\t\t<p><input class=\"wpcf7-form-control wpcf7-submit has-spinner\" type=\"submit\" value=\"Fale Conosco\" \/>\n\t\t\t<\/p>\n\t\t<\/div>\n\t<\/div>\n<\/div><div class=\"wpcf7-response-output\" aria-hidden=\"true\"><\/div>\n<\/form>\n<\/div>\n<\/div><div class=\"bt_bb_separator bt_bb_border_style_none bt_bb_bottom_spacing_normal\" data-bt-override-class=\"null\"><\/div><\/div><\/div><div  class=\"bt_bb_column col-xxl-2 col-xl-2 bt_bb_vertical_align_top bt_bb_align_left bt_bb_padding_normal\"  data-width=\"2\" data-bt-override-class=\"{}\"><div class=\"bt_bb_column_content\"><\/div><\/div><\/div><\/div><\/div><!-- cell_inner --><\/div><!-- cell --><\/div><!-- port --><\/section><\/p>\n","protected":false},"excerpt":{"rendered":"<p>Completely synergize resource taxing relationships via premier niche markets. Professionally cultivate one-to-one customer service with robust ideas. Dynamically innovate resource-leveling customer service for state of the art customer service.<\/p>\n","protected":false},"author":2,"featured_media":1824,"parent":0,"menu_order":0,"comment_status":"closed","ping_status":"closed","template":"","meta":{"footnotes":""},"class_list":["post-1569","page","type-page","status-publish","has-post-thumbnail","hentry"],"_links":{"self":[{"href":"https:\/\/institutoagata.com.br\/sitenovo\/wp-json\/wp\/v2\/pages\/1569","targetHints":{"allow":["GET"]}}],"collection":[{"href":"https:\/\/institutoagata.com.br\/sitenovo\/wp-json\/wp\/v2\/pages"}],"about":[{"href":"https:\/\/institutoagata.com.br\/sitenovo\/wp-json\/wp\/v2\/types\/page"}],"author":[{"embeddable":true,"href":"https:\/\/institutoagata.com.br\/sitenovo\/wp-json\/wp\/v2\/users\/2"}],"replies":[{"embeddable":true,"href":"https:\/\/institutoagata.com.br\/sitenovo\/wp-json\/wp\/v2\/comments?post=1569"}],"version-history":[{"count":19,"href":"https:\/\/institutoagata.com.br\/sitenovo\/wp-json\/wp\/v2\/pages\/1569\/revisions"}],"predecessor-version":[{"id":2708,"href":"https:\/\/institutoagata.com.br\/sitenovo\/wp-json\/wp\/v2\/pages\/1569\/revisions\/2708"}],"wp:featuredmedia":[{"embeddable":true,"href":"https:\/\/institutoagata.com.br\/sitenovo\/wp-json\/wp\/v2\/media\/1824"}],"wp:attachment":[{"href":"https:\/\/institutoagata.com.br\/sitenovo\/wp-json\/wp\/v2\/media?parent=1569"}],"curies":[{"name":"wp","href":"https:\/\/api.w.org\/{rel}","templated":true}]}}