{"id":2520,"date":"2024-05-13T16:45:23","date_gmt":"2024-05-13T19:45:23","guid":{"rendered":"https:\/\/institutoagata.com.br\/sitenovo\/?page_id=2520"},"modified":"2024-05-13T17:07:16","modified_gmt":"2024-05-13T20:07:16","slug":"atividades","status":"publish","type":"page","link":"https:\/\/institutoagata.com.br\/sitenovo\/atividades\/","title":{"rendered":"Atividades"},"content":{"rendered":"<section id=\"bt_bb_section69e8b66782edd\" class=\"bt_bb_section bt_bb_layout_boxed_1200 bt_bb_vertical_align_top bt_bb_top_spacing_large\" style=\"background-position:top;background-size:contain;\" data-bt-override-class=\"null\"><div class=\"bt_bb_background_image_holder_wrapper\"><div class=\"bt_bb_background_image_holder btLazyLoadBackground\"  data-background_image_src=\"https:\/\/institutoagata.com.br\/sitenovo\/wp-content\/uploads\/2019\/04\/bgn-cases-3.png\" data-parallax-zoom-start=\"1\" data-parallax-zoom-end=\"1\" data-parallax-blur-start=\"0\" data-parallax-blur-end=\"0\" data-parallax-opacity-start=\"1\" data-parallax-opacity-end=\"1\" style=\" background-image: url(&#039;https:\/\/institutoagata.com.br\/sitenovo\/wp-content\/plugins\/bold-page-builder\/img\/blank.gif&#039;);\"><\/div><\/div><div class=\"bt_bb_port\"><div class=\"bt_bb_cell\"><div class=\"bt_bb_cell_inner\"><div class=\"bt_bb_row \"  data-bt-override-class=\"{}\"><div class=\"bt_bb_row_holder\" ><div  class=\"bt_bb_column col-xxl-8 col-xl-8 bt_bb_vertical_align_top bt_bb_align_left bt_bb_padding_normal\"  data-width=\"8\" data-bt-override-class=\"{}\"><div class=\"bt_bb_column_content\"><div class=\"bt_bb_separator bt_bb_border_style_solid bt_bb_bottom_spacing_normal\" style=\"; border-width: 2px\" data-bt-override-class=\"null\"><\/div><div class=\" bt_bb_row_inner\"   data-bt-override-class=\"{}\"><div class=\"bt_bb_row_inner_holder\"  ><div  class=\"bt_bb_column_inner col-xxl-6 col-xl-6 bt_bb_align_left bt_bb_vertical_align_top\"  data-width=\"6\" data-bt-override-class=\"{}\"><div class=\"bt_bb_column_inner_content\"><div class=\"bt_bb_separator bt_bb_border_style_none bt_bb_bottom_spacing_small bt_bb_hidden_md bt_bb_hidden_lg\" data-bt-override-class=\"null\"><\/div><\/div><\/div><div  class=\"bt_bb_column_inner col-xxl-6 col-xl-6 bt_bb_align_left bt_bb_vertical_align_top\"  data-width=\"6\" data-bt-override-class=\"{}\"><div class=\"bt_bb_column_inner_content\"><div class=\"bt_bb_separator bt_bb_border_style_none bt_bb_bottom_spacing_normal bt_bb_hidden_md bt_bb_hidden_lg\" data-bt-override-class=\"null\"><\/div><\/div><\/div><\/div><\/div><\/div><\/div><\/div><\/div><div class=\"bt_bb_row \"  data-bt-override-class=\"{}\"><div class=\"bt_bb_row_holder\" ><div  class=\"bt_bb_column col-xxl-3 col-xl-3 bt_bb_vertical_align_top bt_bb_align_left bt_bb_padding_normal\"  data-width=\"3\" data-bt-override-class=\"{}\"><div class=\"bt_bb_column_content\"><\/div><\/div><div  class=\"bt_bb_column col-xxl-6 col-xl-6 bt_bb_vertical_align_top bt_bb_align_left bt_bb_padding_normal bt_bb_animation_fade_in animate\"  data-width=\"6\" data-bt-override-class=\"{}\"><div class=\"bt_bb_column_content\"><div class=\"bt_bb_separator bt_bb_border_style_none bt_bb_bottom_spacing_large\" data-bt-override-class=\"null\"><\/div><\/div><\/div><div  class=\"bt_bb_column col-xxl-3 col-xl-3 bt_bb_vertical_align_top bt_bb_align_left bt_bb_padding_normal\"  data-width=\"3\" data-bt-override-class=\"{}\"><div class=\"bt_bb_column_content\"><\/div><\/div><\/div><\/div><div class=\"bt_bb_row \"  data-bt-override-class=\"{}\"><div class=\"bt_bb_row_holder\" ><div  class=\"bt_bb_column col-xxl-3 col-xl-3 bt_bb_vertical_align_top bt_bb_align_left bt_bb_padding_normal bt_bb_animation_fade_in move_up animate\"  data-width=\"3\" data-bt-override-class=\"{}\"><div class=\"bt_bb_column_content\"><header data-bb-version=\"4.8.2\" class=\"bt_bb_headline bt_bb_subheadline_text_transform_default bt_bb_dash_top bt_bb_superheadline bt_bb_subheadline bt_bb_size_medium bt_bb_align_inherit\" data-bt-override-class=\"{&quot;bt_bb_size_&quot;:{&quot;current_class&quot;:&quot;bt_bb_size_medium&quot;,&quot;def&quot;:&quot;medium&quot;},&quot;bt_bb_align_&quot;:{&quot;current_class&quot;:&quot;bt_bb_align_inherit&quot;,&quot;def&quot;:&quot;inherit&quot;}}\"><h3 class=\"bt_bb_headline_tag\"><span class=\"bt_bb_headline_superheadline\">CONFIRA <\/span><span class=\"bt_bb_headline_content\"><span><u>Todas<\/u> <b>as nossas atividades<\/b><\/span><\/span><\/h3><div class=\"bt_bb_headline_subheadline\">O Instituto \u00c1gata \u00e9 uma institui\u00e7\u00e3o dedicada a uma ampla gama de atividades socioeducativas e de desenvolvimento, visando capacitar e qualificar indiv\u00edduos e comunidades em diversas \u00e1reas. <\/div><\/header><div class=\"bt_bb_separator bt_bb_border_style_none bt_bb_bottom_spacing_normal bt_bb_hidden_md bt_bb_hidden_lg\" data-bt-override-class=\"null\"><\/div><\/div><\/div><div  class=\"bt_bb_column col-xxl-9 col-xl-9 bt_bb_vertical_align_top bt_bb_align_left bt_bb_padding_normal bt_bb_animation_fade_in animate\"  data-width=\"9\" data-bt-override-class=\"{}\"><div class=\"bt_bb_column_content\"><div class=\"bt_bb_tabs bt_bb_style_simple bt_bb_shape_square\" data-bt-override-class=\"{}\"><ul class=\"bt_bb_tabs_header\"><li><span>Atividades realizadas<\/span><\/li><li><span>Mobiliza\u00e7\u00e3o, organiza\u00e7\u00e3o e controle social<\/span><\/li><li><span>Curso de gera\u00e7\u00e3o: Trabalho e renda<\/span><\/li><\/ul><div class=\"bt_bb_tabs_tabs\"><div class=\"bt_bb_tab_item\">\r\n\t\t\t<div class=\"bt_bb_tab_content\"><div  class=\"bt_bb_text\" ><\/p>\n<ul>\n<li>Cursos, Capacita\u00e7\u00f5es, Palestras, Oficinas, nas \u00e1reas da Educa\u00e7\u00e3o, Sa\u00fade, Agricultura, Meio Ambiente, Esporte e Lazer e Assist\u00eancia Social.<\/li>\n<li><strong>Atividade Socioeducativa de Qualifica\u00e7\u00e3o e Capacita\u00e7\u00e3o para atender Programas Federais nas Secretarias de Trabalho e Promo\u00e7\u00e3o Social.<\/strong><\/li>\n<li>Implementa\u00e7\u00e3o de Projetos T\u00e9cnicos de Trabalho Social \u2013 PTTS.<\/li>\n<li><strong>Coordena\u00e7\u00e3o, Execu\u00e7\u00e3o e Monitoramento de Projetos Federal, Estadual e Municipal.<\/strong><\/li>\n<li>Cursos de Qualifica\u00e7\u00e3o Profissional para diversos segmentos do mercado de trabalho.<\/li>\n<li><strong>Consultoria B\u00e1sica e Avan\u00e7ada.<\/strong><\/li>\n<li>Instrut\u00f3ria B\u00e1sica e avan\u00e7ada.<\/li>\n<li><strong>Elabora\u00e7\u00e3o de Diagn\u00f3sticos Setoriais, Socioecon\u00f4mico, Administrativo, Financeiro, Jur\u00eddico e de Recursos Humanos.<\/strong><\/li>\n<li>Elabora\u00e7\u00e3o e Atualiza\u00e7\u00e3o de projetos de lei municipais de estrutura\u00e7\u00e3o administrativa, planos de cargo e carreira e remunera\u00e7\u00e3o de funcion\u00e1rios p\u00fablicos municipais.<\/li>\n<li><strong>Elabora\u00e7\u00e3o e Execu\u00e7\u00e3o de Projetos, Programas e Planos de a\u00e7\u00e3o.<\/strong><\/li>\n<li>Organiza\u00e7\u00e3o de Feiras, Congressos, Semin\u00e1rios, Oficinas, Palestras e outros eventos de dissemina\u00e7\u00e3o da Cultura, da Ci\u00eancia e da Tecnologia.<\/li>\n<\/ul>\n<p>\n<\/div><\/div>\r\n\t\t<\/div><div class=\"bt_bb_tab_item\">\r\n\t\t\t<div class=\"bt_bb_tab_content\"><div  class=\"bt_bb_text\" ><\/p>\n<p>Cursos de forma\u00e7\u00e3o de lideran\u00e7a, semin\u00e1rio tem\u00e1tico, mostra de trabalhos, oficina de comunica\u00e7\u00e3o popular: produ\u00e7\u00e3o de v\u00eddeos, TV de rua, radio comunit\u00e1ria, WEB, CD ROM e produ\u00e7\u00e3o de jornal informativo.<\/p>\n<p>\n<\/div><\/div>\r\n\t\t<\/div><div class=\"bt_bb_tab_item\">\r\n\t\t\t<div class=\"bt_bb_tab_content\"><div  class=\"bt_bb_text\" ><\/p>\n<p>Cooperativismo e gest\u00e3o (planejamento e administra\u00e7\u00e3o), organizando grupos solid\u00e1rios, administrando e controlando receitas e despesas, gest\u00e3o e funcionamento de espa\u00e7os p\u00fablicos (\u00e1rea de lazer\/ parques e portos p\u00fablicos), empreendedorismo em marketing, pensando na qualidade da presta\u00e7\u00e3o de servi\u00e7os, atendimento ao p\u00fablico e rela\u00e7\u00f5es humanas, sensibiliza\u00e7\u00e3o tur\u00edstica e preserva\u00e7\u00e3o do patrim\u00f4nio, agente de turismo e comunica\u00e7\u00e3o, higiene e manipula\u00e7\u00e3o de alimentos, oficina de organiza\u00e7\u00e3o de eventos com planejamento de festivais e atividades culturais, workshop.<\/p>\n<p>\n<\/div><\/div>\r\n\t\t<\/div><\/div><\/div><\/div><\/div><\/div><\/div><div class=\"bt_bb_row \"  data-bt-override-class=\"{}\"><div class=\"bt_bb_row_holder\" ><div  class=\"bt_bb_column col-xxl-3 col-xl-3 bt_bb_vertical_align_top bt_bb_align_left bt_bb_padding_normal\"  data-width=\"3\" data-bt-override-class=\"{}\"><div class=\"bt_bb_column_content\"><\/div><\/div><div  class=\"bt_bb_column col-xxl-6 col-xl-6 bt_bb_vertical_align_top bt_bb_align_left bt_bb_padding_normal bt_bb_animation_fade_in animate\"  data-width=\"6\" data-bt-override-class=\"{}\"><div class=\"bt_bb_column_content\"><div class=\"bt_bb_separator bt_bb_border_style_solid bt_bb_top_spacing_medium bt_bb_bottom_spacing_medium\" style=\"; border-width: 2px\" data-bt-override-class=\"null\"><\/div><\/div><\/div><div  class=\"bt_bb_column col-xxl-3 col-xl-3 bt_bb_vertical_align_top bt_bb_align_left bt_bb_padding_normal\"  data-width=\"3\" data-bt-override-class=\"{}\"><div class=\"bt_bb_column_content\"><\/div><\/div><\/div><\/div><div class=\"bt_bb_row \"  data-bt-override-class=\"{}\"><div class=\"bt_bb_row_holder\" ><div  class=\"bt_bb_column col-xxl-4 col-xl-4 bt_bb_vertical_align_top bt_bb_align_left bt_bb_padding_normal bt_bb_animation_fade_in move_up animate\"  data-width=\"4\" data-bt-override-class=\"{}\"><div class=\"bt_bb_column_content\"><div class=\"bt_bb_separator bt_bb_border_style_none bt_bb_bottom_spacing_medium\" data-bt-override-class=\"null\"><\/div><\/div><\/div><div  class=\"bt_bb_column col-xxl-4 col-xl-4 bt_bb_vertical_align_top bt_bb_align_left bt_bb_padding_normal\"  data-width=\"4\" data-bt-override-class=\"{}\"><div class=\"bt_bb_column_content\"><\/div><\/div><div  class=\"bt_bb_column col-xxl-4 col-xl-4 bt_bb_vertical_align_top bt_bb_align_left bt_bb_padding_normal\"  data-width=\"4\" data-bt-override-class=\"{}\"><div class=\"bt_bb_column_content\"><\/div><\/div><\/div><\/div><\/div><!-- cell_inner --><\/div><!-- cell --><\/div><!-- port --><\/section>\n","protected":false},"excerpt":{"rendered":"<p>Efficiently unleash cross-media information without cross-media value. Quickly maximize timely deliverables for real-time schemas. Dramatically maintain clicks-and-mortar solutions without functional solutions.<\/p>\n","protected":false},"author":3,"featured_media":1819,"parent":0,"menu_order":0,"comment_status":"closed","ping_status":"closed","template":"","meta":{"footnotes":""},"class_list":["post-2520","page","type-page","status-publish","has-post-thumbnail","hentry"],"_links":{"self":[{"href":"https:\/\/institutoagata.com.br\/sitenovo\/wp-json\/wp\/v2\/pages\/2520","targetHints":{"allow":["GET"]}}],"collection":[{"href":"https:\/\/institutoagata.com.br\/sitenovo\/wp-json\/wp\/v2\/pages"}],"about":[{"href":"https:\/\/institutoagata.com.br\/sitenovo\/wp-json\/wp\/v2\/types\/page"}],"author":[{"embeddable":true,"href":"https:\/\/institutoagata.com.br\/sitenovo\/wp-json\/wp\/v2\/users\/3"}],"replies":[{"embeddable":true,"href":"https:\/\/institutoagata.com.br\/sitenovo\/wp-json\/wp\/v2\/comments?post=2520"}],"version-history":[{"count":6,"href":"https:\/\/institutoagata.com.br\/sitenovo\/wp-json\/wp\/v2\/pages\/2520\/revisions"}],"predecessor-version":[{"id":2526,"href":"https:\/\/institutoagata.com.br\/sitenovo\/wp-json\/wp\/v2\/pages\/2520\/revisions\/2526"}],"wp:featuredmedia":[{"embeddable":true,"href":"https:\/\/institutoagata.com.br\/sitenovo\/wp-json\/wp\/v2\/media\/1819"}],"wp:attachment":[{"href":"https:\/\/institutoagata.com.br\/sitenovo\/wp-json\/wp\/v2\/media?parent=2520"}],"curies":[{"name":"wp","href":"https:\/\/api.w.org\/{rel}","templated":true}]}}